{"id":1433,"date":"2019-06-11T12:15:09","date_gmt":"2019-06-11T12:15:09","guid":{"rendered":"https:\/\/memoria2018.sigaus.es\/?page_id=1433"},"modified":"2019-08-12T09:52:13","modified_gmt":"2019-08-12T09:52:13","slug":"huella-social","status":"publish","type":"page","link":"https:\/\/memoria2018.sigaus.es\/index.php\/huella-social\/","title":{"rendered":"Huella Social"},"content":{"rendered":"<p>[vc_row type=\u00bbfull-width-section\u00bb content_placement=\u00bbtop\u00bb css=\u00bb.vc_custom_1563369362281{margin-top: 0px !important;padding-top: 0px !important;background-image: url(https:\/\/memoria2018.sigaus.es\/wp-content\/uploads\/2019\/05\/fondoNubes.jpg?id=803) !important;background-position: center !important;background-repeat: no-repeat !important;background-size: cover !important;}\u00bb][vc_column css=\u00bb.vc_custom_1563369536758{margin-top: 0px !important;padding-top: 0px !important;}\u00bb][vc_row_inner css=\u00bb.vc_custom_1563369508070{margin-top: 0px !important;margin-bottom: 0px !important;padding-top: 0px !important;padding-bottom: 0px !important;}\u00bb][vc_column_inner el_class=\u00bbiv-hidden-c\u00bb offset=\u00bbvc_hidden-lg vc_hidden-md vc_hidden-sm\u00bb css=\u00bb.vc_custom_1563369165230{margin-top: 0px !important;margin-bottom: 0px !important;padding-top: 0px !important;padding-bottom: 0px !important;}\u00bb][vc_single_image image=\u00bb2809&#8243; img_size=\u00bbfull\u00bb alignment=\u00bbcenter\u00bb css=\u00bb.vc_custom_1563369501626{margin-top: 0px !important;margin-bottom: 0px !important;padding-top: 0px !important;padding-bottom: 0px !important;}\u00bb][\/vc_column_inner][\/vc_row_inner][vc_row_inner equal_height=\u00bbyes\u00bb content_placement=\u00bbmiddle\u00bb css=\u00bb.vc_custom_1563369315435{margin-top: 0px !important;padding-top: 0px !important;}\u00bb][vc_column_inner width=\u00bb1\/2&#8243; animation=\u00bbrda_fadeIn\u00bb css=\u00bb.vc_custom_1563369493406{margin-top: 50px !important;padding-top: 0px !important;}\u00bb][vc_column_text]<\/p>\n<h2 class=\"iv\">Elena Ma\u00f1as<\/h2>\n<h3 class=\"iv\">Directora de la C\u00e1tedra de Responsabilidad Social Corporativa de la Universidad de Alcal\u00e1 de Henares.<\/h3>\n<div class=\"iv-linea\"><\/div>\n<h4>Resulta clave el papel de las organizaciones (empresas, Administraciones P\u00fablicas, entidades del tercer sector y Universidades), que deben ser capaces de establecer alianzas y de comprometerse con el entorno local y global, con una visi\u00f3n amplia y de largo plazo, para convertirse en verdaderos agentes del cambio.<\/h4>\n<p>[\/vc_column_text]<div class=\"ult_exp_section_layer ult-adjust-bottom-margin  \" >\r\n\t<div id=\"uvc-exp-wrap-2329\"   data-ultimate-target='#uvc-exp-wrap-2329'  data-responsive-json-new='{\"font-size\":\"desktop:24px;\",\"line-height\":\"desktop:20px;\"}'  class=\"ult_exp_section  ult-responsive \" style=\"color:#1b1464;background-color:rgba(255,255,255,0.01);font-family:Zilla Slab;font-weight:300; padding-top:0px;padding-right:15px;padding-bottom:0px;padding-left:15px;text-align:left;\" data-textcolor=\"#1b1464\"data-texthover=\"#1b1464\"data-icncolor=\"#1b1464\"data-ihover=\"#1b1464\"data-height=\"0\"data-cntbg=\"rgba(255,255,255,0.01)\"data-cnthvrbg=\"rgba(255,255,255,0.01)\"data-headerbg=\"rgba(255,255,255,0.01)\"data-headerhover=\"rgba(255,255,255,0.01)\"data-title=\"Leer m\u00e1s\"data-newtitle=\"Leer menos\"data-icon=\"Defaults-plus\"data-newicon=\"Defaults-minus\"data-activeicon=\"#1b1464\"data-effect=\"slideToggle\"data-override=\"0\"data-activetitle=\"#1b1464\"data-activebg=\"rgba(255,255,255,0.01)\"data-img=\"\"data-newimg=\"\"><div  class=\"ult_exp_section-main ult_expright_icon\">\r\n\t\t\t\t\t<div class=\"ult_expheader\" >Leer m\u00e1s\r\n\t\t\t\t\t <\/div>\t<div class=\"ult-just-icon-wrapper ult_exp_icon\">\r\n\t\t\t\t\t<div class=\"align-icon \">\r\n\t\t\t\t\t\t\n<span class=\"aio-icon  none  ult_expsection_icon \"  style=\"color:#1b1464;font-size:20px;display:inline-block;\">\n\t<i class=\"Defaults-plus ult_ex_icon\"  ><\/i>\n<\/span>\r\n\t\t\t\t\t<\/div>\r\n\t\t\t\t<\/div><\/div>\r\n\t\t\t\t<\/div><div class=\"ult_exp_content \" style=\"background-color:rgba(255,255,255,0.01);  \"><div class=\"ult_ecpsub_cont\" style=\" \" >[vc_column_text]<\/p>\n<p style=\"text-align: left;\">Los grandes desaf\u00edos globales que enfrentamos actualmente (cambio clim\u00e1tico, contaminaci\u00f3n de los oc\u00e9anos, persistencia del hambre, la pobreza, la exclusi\u00f3n social y las desigualdades, entre otros) requieren nuevos planteamientos y acciones que son ya ineludibles. Urge encontrar las v\u00edas para hacer de verdad compatibles el bienestar de las generaciones presentes (sin dejar a nadie atr\u00e1s), el de las de las generaciones futuras y la sostenibilidad de nuestro planeta.<\/p>\n<p style=\"text-align: left;\">La Agenda 2030 de Naciones Unidas nos conmina a dar ya pasos firmes en esta direcci\u00f3n. Nos interpela a todos los actores, como \u00fanica v\u00eda para lograr aquellas transformaciones que nos permitir\u00e1n avanzar hacia el desarrollo sostenible. Entre dichos actores resulta clave el papel de las organizaciones (empresas, Administraciones P\u00fablicas, entidades del tercer sector y Universidades), que deben ser capaces de establecer alianzas y de comprometerse con el entorno local y global sobre la base de una visi\u00f3n amplia y de largo plazo, para convertirse en verdaderos agentes del cambio.<\/p>\n<p style=\"text-align: left;\">Para ello, resulta esencial contar con l\u00edderes que tengan af\u00e1n innovador y que sean conscientes de la necesidad de construir modelos de negocio basados en los principios de la responsabilidad social corporativa, y de encontrar formas sostenibles de competitividad. En ese reto, el modelo de econom\u00eda circular, que supone una nueva forma de entender los procesos de producci\u00f3n y de consumo, ofrece un enorme potencial para transitar hacia una sociedad y una econom\u00eda sostenibles.<\/p>\n<p style=\"text-align: left;\">El caso de SIGAUS ofrece un magn\u00edfico ejemplo de ello y en este cap\u00edtulo de su Memoria Anual dedicado a la \u201chuella social\u201d da cuenta de su alto compromiso e implicaci\u00f3n en este frente.<\/p>\n<p>[\/vc_column_text]<\/div><\/div>\r\n\r\n\t\t\t<\/div>[vc_single_image image=\u00bb505&#8243; img_size=\u00bbfull\u00bb][vc_empty_space][\/vc_column_inner][vc_column_inner width=\u00bb1\/2&#8243; animation=\u00bbrda_fadeInRight\u00bb offset=\u00bbvc_hidden-xs\u00bb css=\u00bb.vc_custom_1563369485181{margin-top: 50px !important;padding-top: 0px !important;}\u00bb][vc_single_image image=\u00bb2809&#8243; img_size=\u00bbfull\u00bb alignment=\u00bbcenter\u00bb][vc_empty_space][\/vc_column_inner][\/vc_row_inner][\/vc_column][\/vc_row][vc_row type=\u00bbfull-width-content\u00bb bg_type=\u00bbimage\u00bb parallax_style=\u00bbvcpb-default\u00bb bg_image_new=\u00bbid^683|url^https:\/\/memoria2018.sigaus.es\/wp-content\/uploads\/2019\/06\/bg-water-2.png|caption^null|alt^null|title^bg-water-2|description^null\u00bb bg_override=\u00bbfull\u00bb el_class=\u00bbiv-bg-water-marco iv-hidden-m\u00bb][vc_column el_class=\u00bbiv-hidden-m\u00bb offset=\u00bbvc_hidden-xs\u00bb][vc_raw_html]JTNDJTIxLS0lMjBFZmVjdG8lMjBhY3VhcmVsYSUyMC0tJTNF[\/vc_raw_html][vc_empty_space height=\u00bb100px\u00bb][\/vc_column][\/vc_row][vc_row css=\u00bb.vc_custom_1563442478718{margin-top: 70px !important;margin-bottom: 100px !important;}\u00bb][vc_column width=\u00bb1\/2&#8243;][vc_column_text]El valor intangible de una entidad es el elemento diferenciador frente al resto. El que marca qu\u00e9 tipo de huella econ\u00f3mica, social o ambiental puede dejar en el entorno en el que desarrolla su actividad. Ese valor es el que le permite alinearse con las necesidades que la sociedad demanda. Porque construir empresas y entidades fuertes, y a la vez respetar el entorno y mejorarlo, no son objetivos incompatibles. Al contrario: son aspectos necesarios para el \u00e9xito de las organizaciones a largo plazo.[\/vc_column_text][\/vc_column][vc_column width=\u00bb1\/2&#8243;][vc_column_text]Desde SIGAUS somos conscientes de la repercusi\u00f3n que tenemos en nuestro entorno y en las personas que nos rodean, y es esa conciencia lo que nos lleva al compromiso. Un compromiso social que en 2018 se ha materializado con la realizaci\u00f3n de distintas campa\u00f1as solidarias y proyectos colaborativos, as\u00ed como la plantaci\u00f3n de un nuevo Bosque SIGAUS, el 7\u00ba desde el nacimiento de esta iniciativa en 2012, y el impulso dado al Aula Ambiental, dirigida a la formaci\u00f3n de los futuros profesionales del sector de la industria y la automoci\u00f3n.[\/vc_column_text][\/vc_column][\/vc_row][vc_row type=\u00bbfull-width-section\u00bb content_placement=\u00bbbottom\u00bb bg_type=\u00bbimage\u00bb parallax_style=\u00bbvcpb-default\u00bb bg_image_repeat=\u00bbno-repeat\u00bb bg_image_posiiton=\u00bbcenter bottom\u00bb bg_override=\u00bbex-full\u00bb el_class=\u00bbinfoBG\u00bb css=\u00bb.vc_custom_1560265017574{margin-top: 40px !important;background-position: center !important;background-repeat: no-repeat !important;background-size: contain !important;}\u00bb][vc_column][vc_column_text css=\u00bb.vc_custom_1560264460317{margin-bottom: 0px !important;padding-bottom: 0px !important;}\u00bb]<\/p>\n<div style=\"text-align: center;\">\n<h2 class=\"iv\" style=\"text-align: center;\">El impacto social como estrategia de valor compartido <i class=\"iv-linea\"><\/i><\/h2>\n<\/div>\n<p>[\/vc_column_text][vc_row_inner content_placement=\u00bbbottom\u00bb css=\u00bb.vc_custom_1560264449796{margin-top: 0px !important;padding-top: 0px !important;}\u00bb][vc_column_inner width=\u00bb1\/6&#8243;][\/vc_column_inner][vc_column_inner width=\u00bb2\/3&#8243; animation=\u00bbrda_fadeIn\u00bb css=\u00bb.vc_custom_1560264497579{margin-top: 0px !important;padding-top: 0px !important;}\u00bb][vc_column_text]<\/p>\n<div style=\"text-align: center;\">\n<p style=\"text-align: center;\">Nos encontramos en un momento de globalizaci\u00f3n en el que los desaf\u00edos ambientales y sociales nos pertenecen a todos. La responsabilidad es com\u00fan, pero tambi\u00e9n lo ser\u00e1n los beneficios que se obtengan.<br \/>\nEn SIGAUS somos conscientes del papel que jugamos las empresas y entidades a la hora de tomar conciencia de nuestros propios impactos econ\u00f3micos, sociales y medioambientales. Por eso, m\u00e1s all\u00e1 de nuestra labor de gesti\u00f3n, queremos implicarnos y ser palanca de cambio frente a estos desaf\u00edos. Y lo hacemos a trav\u00e9s de nuestros proyectos de Responsabilidad Social.<\/p>\n<\/div>\n<p>[\/vc_column_text]<style type=\"text\/css\" >#b_ein828vo2depnt3ig5c9 a{color:#1b1464; background:rgba(255,255,255,0.2); border-style:solid; border-color:#1b1464; margin-top:0px; margin-bottom:0px;  margin-left:0px; margin-right:0px; font-weight:700; border-radius:30px;}#b_ein828vo2depnt3ig5c9 a:hover{color:#1e73be ; background:rgba(30,115,190,0.2) ; border-color:rgba(30,115,190,0.2);}<\/style><div class=\"ta_center tf_btn_pos\" id=\"b_ein828vo2depnt3ig5c9\" ><a class=\"rd_stroke_bt medium_rd_bt border_1px  bt_icon_right   \" href=\"https:\/\/memoria2018.sigaus.es\/wp-content\/uploads\/2019\/07\/infografiaSocial.pdf\" target=\"yes\"   ><span>Ver infograf\u00eda<\/span><i class=\"ion-plus\" ><\/i><\/a><\/div><style type=\"text\/css\" >#b_ein828vo2depnt3ig5c9 i {color:#1b1464;}#b_ein828vo2depnt3ig5c9 a:hover i{color:#1e73be;}<\/style><style type='text\/css'> @font-face{font-family: 'ion'; src:url('https:\/\/memoria2018.sigaus.es\/wp-content\/themes\/thefox\/includes\/4k-icons\/icons\/4k-icons-pack03\/icons\/fonts\/ion.eot'); src:url('https:\/\/memoria2018.sigaus.es\/wp-content\/themes\/thefox\/includes\/4k-icons\/icons\/4k-icons-pack03\/icons\/fonts\/ion.eot?#iefix') format('embedded-opentype'), url('https:\/\/memoria2018.sigaus.es\/wp-content\/themes\/thefox\/includes\/4k-icons\/icons\/4k-icons-pack03\/icons\/fonts\/ion.woff') format('woff'), url('https:\/\/memoria2018.sigaus.es\/wp-content\/themes\/thefox\/includes\/4k-icons\/icons\/4k-icons-pack03\/icons\/fonts\/ion.ttf') format('truetype'), url('https:\/\/memoria2018.sigaus.es\/wp-content\/themes\/thefox\/includes\/4k-icons\/icons\/4k-icons-pack03\/icons\/fonts\/ion.svg#oi') format('svg'); font-weight: normal; font-style: normal;}#b_ein828vo2depnt3ig5c9 .ion-plus:before{font-family: 'ion'; font-weight: normal; font-style: normal;}#b_ein828vo2depnt3ig5c9 .ion-plus:before{content: \"\\e9b1\";}<\/style>\n[vc_empty_space height=\u00bb20px\u00bb][vc_single_image image=\u00bb505&#8243; img_size=\u00bbfull\u00bb alignment=\u00bbcenter\u00bb][\/vc_column_inner][vc_column_inner width=\u00bb1\/6&#8243;][\/vc_column_inner][\/vc_row_inner][\/vc_column][\/vc_row][vc_row type=\u00bbfull-width-section\u00bb el_class=\u00bbiv-bg-deg iv-hidden-m\u00bb][vc_column el_class=\u00bbiv-hidden-m\u00bb offset=\u00bbvc_hidden-xs\u00bb][vc_raw_html]JTNDJTIxLS0lMjBFZmVjdG8lMjBkZWclMjAtLSUzRQ==[\/vc_raw_html][\/vc_column][\/vc_row][vc_row type=\u00bbfull-width-section\u00bb bg_type=\u00bbimage\u00bb parallax_style=\u00bbvcpb-default\u00bb bg_image_new=\u00bbid^2812|url^https:\/\/memoria2018.sigaus.es\/wp-content\/uploads\/2019\/06\/fondoApHuellaSocial-1.jpg|caption^null|alt^null|title^fondoApHuellaSocial|description^null\u00bb bg_image_repeat=\u00bbno-repeat\u00bb bg_image_posiiton=\u00bbcenter bottom\u00bb css=\u00bb.vc_custom_1561551702616{padding-top: 40px !important;padding-bottom: 40px !important;}\u00bb][vc_column][vc_row_inner content_placement=\u00bbtop\u00bb][vc_column_inner el_class=\u00bbiv-col-10-m iv-mar-1-m\u00bb width=\u00bb1\/3&#8243; css=\u00bb.vc_custom_1563879847371{margin-bottom: 20px !important;padding-top: 30px !important;padding-right: 30px !important;padding-bottom: 50px !important;padding-left: 30px !important;background-color: rgba(255,255,255,0.7) !important;*background-color: rgb(255,255,255) !important;}\u00bb][vc_column_text]<\/p>\n<div style=\"text-align: center;\">\n<h4 class=\"iv\" style=\"text-align: center;\">Responsabilidad Social Corporativa <i class=\"iv-linea\"><\/i><\/h4>\n<\/div>\n<p>[\/vc_column_text][vc_column_text css=\u00bb.vc_custom_1560266287324{margin-bottom: 0px !important;padding-bottom: 0px !important;}\u00bb]A la eficiente gesti\u00f3n de los aceites industriales usados, SIGAUS une un componente de compromiso social que cierra el c\u00edrculo de una RSC alineada con los Objetivos de Desarrollo Sostenible (ODS) y una especial sensibilidad ante el entorno que nos rodea.[\/vc_column_text]<style type=\"text\/css\" >#b_b65mbe9u01h5sypycd6v a{color:#1b1464; background:rgba(255,255,255,0.01); margin-top:0px; margin-bottom:0px;  margin-left:0px; margin-right:0px; font-weight:700; border-radius:30px;}#b_b65mbe9u01h5sypycd6v a:hover{color:#1e73be ; background:rgba(30,115,190,0.01) ;}<\/style><div class=\"ta_left tf_btn_pos\" id=\"b_b65mbe9u01h5sypycd6v\" ><a class=\"rd_normal_bt smallmedium_rd_bt bt_icon_right    Ah_smallmedium_rd_bt\" href=\"https:\/\/memoria2018.sigaus.es\/index.php\/responsabilidad-social-corporativa\/\" target=\"\"   ><span>Leer m\u00e1s<\/span><i class=\"fa-long-arrow-right\" ><\/i><\/a><\/div><style type=\"text\/css\" >#b_b65mbe9u01h5sypycd6v i {color:#1b1464;}#b_b65mbe9u01h5sypycd6v a:hover i{color:#1e73be;}<\/style><style type='text\/css'> @font-face{font-family: 'fa'; src:url('https:\/\/memoria2018.sigaus.es\/wp-content\/themes\/thefox\/includes\/4k-icons\/icons\/4k-icons-pack02\/icons\/fonts\/fa.eot'); src:url('https:\/\/memoria2018.sigaus.es\/wp-content\/themes\/thefox\/includes\/4k-icons\/icons\/4k-icons-pack02\/icons\/fonts\/fa.eot?#iefix') format('embedded-opentype'), url('https:\/\/memoria2018.sigaus.es\/wp-content\/themes\/thefox\/includes\/4k-icons\/icons\/4k-icons-pack02\/icons\/fonts\/fa.woff') format('woff'), url('https:\/\/memoria2018.sigaus.es\/wp-content\/themes\/thefox\/includes\/4k-icons\/icons\/4k-icons-pack02\/icons\/fonts\/fa.ttf') format('truetype'), url('https:\/\/memoria2018.sigaus.es\/wp-content\/themes\/thefox\/includes\/4k-icons\/icons\/4k-icons-pack02\/icons\/fonts\/fa.svg#oi') format('svg'); font-weight: normal; font-style: normal;}#b_b65mbe9u01h5sypycd6v .fa-long-arrow-right:before{font-family: 'fa'; font-weight: normal; font-style: normal;}#b_b65mbe9u01h5sypycd6v .fa-long-arrow-right:before{content: \"\\f178\";}<\/style>\n[\/vc_column_inner][vc_column_inner el_class=\u00bbiv-col-10-m iv-mar-1-m\u00bb width=\u00bb1\/3&#8243; css=\u00bb.vc_custom_1563879888965{margin-bottom: 20px !important;padding-top: 30px !important;padding-right: 30px !important;padding-bottom: 50px !important;padding-left: 30px !important;background-color: rgba(255,255,255,0.7) !important;*background-color: rgb(255,255,255) !important;}\u00bb][vc_column_text]<\/p>\n<div style=\"text-align: center;\">\n<h4 class=\"iv\" style=\"text-align: center;\">Relaciones Institucionales <i class=\"iv-linea\"><\/i><\/h4>\n<\/div>\n<p>[\/vc_column_text][vc_column_text css=\u00bb.vc_custom_1560266412291{margin-bottom: 0px !important;padding-bottom: 0px !important;}\u00bb]Fortalecer y ampliar los lazos con las Administraciones y los organismos p\u00fablicos nos permite reforzar nuestra representatividad, compromiso ambiental y eficacia en el desarrollo de nuestra labor diaria.<\/p>\n<p>[\/vc_column_text]<style type=\"text\/css\" >#b_e3295u7n015b0meu1y2z a{color:#1b1464; background:rgba(255,255,255,0.01); margin-top:0px; margin-bottom:0px;  margin-left:0px; margin-right:0px; font-weight:700; border-radius:30px;}#b_e3295u7n015b0meu1y2z a:hover{color:#1e73be ; background:rgba(30,115,190,0.01) ;}<\/style><div class=\"ta_left tf_btn_pos\" id=\"b_e3295u7n015b0meu1y2z\" ><a class=\"rd_normal_bt smallmedium_rd_bt bt_icon_right    Ah_smallmedium_rd_bt\" href=\"https:\/\/memoria2018.sigaus.es\/index.php\/relaciones-institucionales\/\" target=\"\"   ><span>Leer m\u00e1s<\/span><i class=\"fa-long-arrow-right\" ><\/i><\/a><\/div><style type=\"text\/css\" >#b_e3295u7n015b0meu1y2z i {color:#1b1464;}#b_e3295u7n015b0meu1y2z a:hover i{color:#1e73be;}<\/style><style type='text\/css'> @font-face{font-family: 'fa'; src:url('https:\/\/memoria2018.sigaus.es\/wp-content\/themes\/thefox\/includes\/4k-icons\/icons\/4k-icons-pack02\/icons\/fonts\/fa.eot'); src:url('https:\/\/memoria2018.sigaus.es\/wp-content\/themes\/thefox\/includes\/4k-icons\/icons\/4k-icons-pack02\/icons\/fonts\/fa.eot?#iefix') format('embedded-opentype'), url('https:\/\/memoria2018.sigaus.es\/wp-content\/themes\/thefox\/includes\/4k-icons\/icons\/4k-icons-pack02\/icons\/fonts\/fa.woff') format('woff'), url('https:\/\/memoria2018.sigaus.es\/wp-content\/themes\/thefox\/includes\/4k-icons\/icons\/4k-icons-pack02\/icons\/fonts\/fa.ttf') format('truetype'), url('https:\/\/memoria2018.sigaus.es\/wp-content\/themes\/thefox\/includes\/4k-icons\/icons\/4k-icons-pack02\/icons\/fonts\/fa.svg#oi') format('svg'); font-weight: normal; font-style: normal;}#b_e3295u7n015b0meu1y2z .fa-long-arrow-right:before{font-family: 'fa'; font-weight: normal; font-style: normal;}#b_e3295u7n015b0meu1y2z .fa-long-arrow-right:before{content: \"\\f178\";}<\/style>\n[\/vc_column_inner][vc_column_inner el_class=\u00bbiv-col-10-m iv-mar-1-m\u00bb width=\u00bb1\/3&#8243; css=\u00bb.vc_custom_1563879897029{margin-bottom: 20px !important;padding-top: 30px !important;padding-right: 30px !important;padding-bottom: 50px !important;padding-left: 30px !important;background-color: rgba(255,255,255,0.7) !important;*background-color: rgb(255,255,255) !important;}\u00bb][vc_column_text]<\/p>\n<div style=\"text-align: center;\">\n<h4 class=\"iv\" style=\"text-align: center;\">Aula Ambiental <i class=\"iv-linea\"><\/i><\/h4>\n<\/div>\n<p>[\/vc_column_text][vc_column_text css=\u00bb.vc_custom_1560266421070{margin-bottom: 0px !important;padding-bottom: 0px !important;}\u00bb]Un proyecto que impulsa la preparaci\u00f3n de los profesionales del futuro y su capacidad para hacer frente a los retos ambientales que se plantean en el sector industrial y de la automoci\u00f3n.[\/vc_column_text]<style type=\"text\/css\" >#b_4rqlrz5u49gowp1j5f0m a{color:#1b1464; background:rgba(255,255,255,0.01); margin-top:0px; margin-bottom:0px;  margin-left:0px; margin-right:0px; font-weight:700; border-radius:30px;}#b_4rqlrz5u49gowp1j5f0m a:hover{color:#1e73be ; background:rgba(30,115,190,0.01) ;}<\/style><div class=\"ta_left tf_btn_pos\" id=\"b_4rqlrz5u49gowp1j5f0m\" ><a class=\"rd_normal_bt smallmedium_rd_bt bt_icon_right    Ah_smallmedium_rd_bt\" href=\"https:\/\/memoria2018.sigaus.es\/index.php\/aula-ambiental-sigaus\/\" target=\"\"   ><span>Leer m\u00e1s<\/span><i class=\"fa-long-arrow-right\" ><\/i><\/a><\/div><style type=\"text\/css\" >#b_4rqlrz5u49gowp1j5f0m i {color:#1b1464;}#b_4rqlrz5u49gowp1j5f0m a:hover i{color:#1e73be;}<\/style><style type='text\/css'> @font-face{font-family: 'fa'; src:url('https:\/\/memoria2018.sigaus.es\/wp-content\/themes\/thefox\/includes\/4k-icons\/icons\/4k-icons-pack02\/icons\/fonts\/fa.eot'); src:url('https:\/\/memoria2018.sigaus.es\/wp-content\/themes\/thefox\/includes\/4k-icons\/icons\/4k-icons-pack02\/icons\/fonts\/fa.eot?#iefix') format('embedded-opentype'), url('https:\/\/memoria2018.sigaus.es\/wp-content\/themes\/thefox\/includes\/4k-icons\/icons\/4k-icons-pack02\/icons\/fonts\/fa.woff') format('woff'), url('https:\/\/memoria2018.sigaus.es\/wp-content\/themes\/thefox\/includes\/4k-icons\/icons\/4k-icons-pack02\/icons\/fonts\/fa.ttf') format('truetype'), url('https:\/\/memoria2018.sigaus.es\/wp-content\/themes\/thefox\/includes\/4k-icons\/icons\/4k-icons-pack02\/icons\/fonts\/fa.svg#oi') format('svg'); font-weight: normal; font-style: normal;}#b_4rqlrz5u49gowp1j5f0m .fa-long-arrow-right:before{font-family: 'fa'; font-weight: normal; font-style: normal;}#b_4rqlrz5u49gowp1j5f0m .fa-long-arrow-right:before{content: \"\\f178\";}<\/style>\n[\/vc_column_inner][\/vc_row_inner][\/vc_column][\/vc_row][vc_row type=\u00bbfull-width-section\u00bb el_class=\u00bbiv-bg-water-marco\u00bb][vc_column][vc_raw_html]JTNDJTIxLS0lMjBFZmVjdG8lMjBhY3VhcmVsYSUyMC0tJTNF[\/vc_raw_html][vc_empty_space height=\u00bb100px\u00bb][\/vc_column][\/vc_row][vc_row content_placement=\u00bbmiddle\u00bb][vc_column][vc_row_inner equal_height=\u00bbyes\u00bb content_placement=\u00bbmiddle\u00bb][vc_column_inner el_class=\u00bbiv-col-12-s iv-col-4-m\u00bb width=\u00bb1\/3&#8243; animation=\u00bbrda_fadeIn\u00bb][vc_single_image image=\u00bb4881&#8243; img_size=\u00bb300&#215;300&#8243; alignment=\u00bbright\u00bb onclick=\u00bbcustom_link\u00bb link=\u00bbhttps:\/\/memoria2018.sigaus.es\/index.php\/huella-social\/responsabilidad-social-corporativa\/\u00bb][vc_empty_space height=\u00bb30px\u00bb][\/vc_column_inner][vc_column_inner el_class=\u00bbiv-col-12-s iv-col-4-m\u00bb width=\u00bb1\/3&#8243; animation=\u00bbrda_fadeIn\u00bb][vc_single_image image=\u00bb4882&#8243; img_size=\u00bb300&#215;300&#8243; alignment=\u00bbcenter\u00bb onclick=\u00bbcustom_link\u00bb link=\u00bbhttps:\/\/memoria2018.sigaus.es\/index.php\/huella-social\/relaciones-institucionales\/\u00bb][vc_empty_space height=\u00bb30px\u00bb][\/vc_column_inner][vc_column_inner el_class=\u00bbiv-col-12-s iv-col-4-m\u00bb width=\u00bb1\/3&#8243; animation=\u00bbrda_fadeIn\u00bb][vc_single_image image=\u00bb4883&#8243; img_size=\u00bb300&#215;300&#8243; onclick=\u00bbcustom_link\u00bb link=\u00bbhttps:\/\/memoria2018.sigaus.es\/index.php\/huella-social\/aula-ambiental-sigaus\/\u00bb][vc_empty_space height=\u00bb30px\u00bb][\/vc_column_inner][\/vc_row_inner][\/vc_column][\/vc_row]<\/p>\n","protected":false},"excerpt":{"rendered":"<p>[vc_row type=\u00bbfull-width-section\u00bb content_placement=\u00bbtop\u00bb css=\u00bb.vc_custom_1563369362281{margin-top: 0px !important;padding-top: 0px !important;background-image: url(https:\/\/memoria2018.sigaus.es\/wp-content\/uploads\/2019\/05\/fondoNubes.jpg?id=803) !important;background-position: center !important;background-repeat: no-repeat !important;background-size: cover !important;}\u00bb][vc_column css=\u00bb.vc_custom_1563369536758{margin-top: 0px !important;padding-top: 0px !important;}\u00bb][vc_row_inner css=\u00bb.vc_custom_1563369508070{margin-top: 0px !important;margin-bottom: 0px !important;padding-top: 0px !important;padding-bottom: 0px !important;}\u00bb][vc_column_inner el_class=\u00bbiv-hidden-c\u00bb offset=\u00bbvc_hidden-lg vc_hidden-md vc_hidden-sm\u00bb css=\u00bb.vc_custom_1563369165230{margin-top: 0px !important;margin-bottom: 0px !important;padding-top: 0px !important;padding-bottom: 0px !important;}\u00bb][vc_single_image image=\u00bb2809&#8243; img_size=\u00bbfull\u00bb alignment=\u00bbcenter\u00bb css=\u00bb.vc_custom_1563369501626{margin-top: 0px !important;margin-bottom: 0px !important;padding-top: 0px !important;padding-bottom: 0px !important;}\u00bb][\/vc_column_inner][\/vc_row_inner][vc_row_inner<br \/><a href=\"https:\/\/memoria2018.sigaus.es\/index.php\/huella-social\/\" class=\"more\">Read more<\/a><\/p>\n","protected":false},"author":7,"featured_media":0,"parent":0,"menu_order":10,"comment_status":"closed","ping_status":"closed","template":"","meta":{"_monsterinsights_skip_tracking":false,"_monsterinsights_sitenote_active":false,"_monsterinsights_sitenote_note":"","_monsterinsights_sitenote_category":0,"footnotes":""},"class_list":["post-1433","page","type-page","status-publish","hentry"],"_links":{"self":[{"href":"https:\/\/memoria2018.sigaus.es\/index.php\/wp-json\/wp\/v2\/pages\/1433","targetHints":{"allow":["GET"]}}],"collection":[{"href":"https:\/\/memoria2018.sigaus.es\/index.php\/wp-json\/wp\/v2\/pages"}],"about":[{"href":"https:\/\/memoria2018.sigaus.es\/index.php\/wp-json\/wp\/v2\/types\/page"}],"author":[{"embeddable":true,"href":"https:\/\/memoria2018.sigaus.es\/index.php\/wp-json\/wp\/v2\/users\/7"}],"replies":[{"embeddable":true,"href":"https:\/\/memoria2018.sigaus.es\/index.php\/wp-json\/wp\/v2\/comments?post=1433"}],"version-history":[{"count":78,"href":"https:\/\/memoria2018.sigaus.es\/index.php\/wp-json\/wp\/v2\/pages\/1433\/revisions"}],"predecessor-version":[{"id":5755,"href":"https:\/\/memoria2018.sigaus.es\/index.php\/wp-json\/wp\/v2\/pages\/1433\/revisions\/5755"}],"wp:attachment":[{"href":"https:\/\/memoria2018.sigaus.es\/index.php\/wp-json\/wp\/v2\/media?parent=1433"}],"curies":[{"name":"wp","href":"https:\/\/api.w.org\/{rel}","templated":true}]}}